{"id":34450,"date":"2023-07-06T10:30:09","date_gmt":"2023-07-06T08:30:09","guid":{"rendered":"https:\/\/www.moma-design.it\/conditions-dutilisation\/"},"modified":"2024-01-03T16:41:25","modified_gmt":"2024-01-03T15:41:25","slug":"conditions-dutilisation","status":"publish","type":"page","link":"https:\/\/www.moma-design.it\/fr\/conditions-dutilisation\/","title":{"rendered":"Conditions d&rsquo;utilisation"},"content":{"rendered":"\t\t<div data-elementor-type=\"wp-page\" data-elementor-id=\"34450\" class=\"elementor elementor-34450 elementor-18306\" data-elementor-post-type=\"page\">\n\t\t\t\t\t\t<section class=\"elementor-section elementor-top-section elementor-element elementor-element-53e1f51 elementor-section-boxed elementor-section-height-default elementor-section-height-default wpr-particle-no wpr-jarallax-no wpr-parallax-no wpr-sticky-section-no\" data-id=\"53e1f51\" data-element_type=\"section\" data-settings=\"{&quot;background_background&quot;:&quot;classic&quot;}\">\n\t\t\t\t\t\t<div class=\"elementor-container elementor-column-gap-default\">\n\t\t\t\t\t<div class=\"elementor-column elementor-col-100 elementor-top-column elementor-element elementor-element-500478f\" data-id=\"500478f\" data-element_type=\"column\">\n\t\t\t<div class=\"elementor-widget-wrap elementor-element-populated\">\n\t\t\t\t\t\t<div class=\"elementor-element elementor-element-ac4aad5 elementor-widget elementor-widget-heading\" data-id=\"ac4aad5\" data-element_type=\"widget\" data-widget_type=\"heading.default\">\n\t\t\t\t<div class=\"elementor-widget-container\">\n\t\t\t\t\t<h1 class=\"elementor-heading-title elementor-size-default\">CONDITIONS D'UTILISATION<\/h1>\t\t\t\t<\/div>\n\t\t\t\t<\/div>\n\t\t\t\t<div class=\"elementor-element elementor-element-7536d71 elementor-widget elementor-widget-text-editor\" data-id=\"7536d71\" data-element_type=\"widget\" data-widget_type=\"text-editor.default\">\n\t\t\t\t<div class=\"elementor-widget-container\">\n\t\t\t\t\t\t\t\t\t<p><strong>R\u00c9SUM\u00c9<\/strong><\/p>\n<p>Ce site est la propri\u00e9t\u00e9 d&rsquo;Archiplast Srl, ci-apr\u00e8s d\u00e9nomm\u00e9e \u00ab\u00a0l&rsquo;entreprise\u00a0\u00bb, dont le si\u00e8ge est situ\u00e9 Via Giovanni Falcone 42, 20008 Bareggio &#8211; Milan.<\/p>\n<p>Toutes les pages r\u00e9sument de mani\u00e8re concise un grand nombre d&rsquo;informations et contiennent de nombreuses images repr\u00e9sentatives. Par cons\u00e9quent, afin d&rsquo;\u00e9viter tout malentendu sur le contenu, veuillez-vous r\u00e9f\u00e9rer \u00e0 des aper\u00e7us cibl\u00e9s avec un responsable d\u00e9di\u00e9.<\/p>\n<p>Informations :<\/p>\n<p>Il vous est conseill\u00e9 de lire attentivement le document suivant si vous souhaitez acc\u00e9der au site web lui-m\u00eame, car sa consultation implique l&rsquo;acceptation de toutes les conditions \u00e9num\u00e9r\u00e9es ci-dessous :<\/p>\n<ul>\n<li>Les services offerts par le site web sont g\u00e9n\u00e9ralement accessibles sans enregistrement de l&rsquo;utilisateur. Lorsque l&rsquo;enregistrement est n\u00e9cessaire, cela sera indiqu\u00e9 de mani\u00e8re appropri\u00e9e.<\/li>\n<li>L\u2019ENTREPRISE est le propri\u00e9taire l\u00e9gitime du site web, de toutes les pages incluses, de l\u2019information, des dessins, des graphiques, des bases de donn\u00e9es, des logos, des marques, des noms commerciaux ou d\u2019autres signes prot\u00e9g\u00e9s par des droits de propri\u00e9t\u00e9 intellectuelle ou industrielle.<\/li>\n<li>L&rsquo;ENTREPRISE ne garantit pas la continuit\u00e9 de l&rsquo;acc\u00e8s ni la visualisation et le t\u00e9l\u00e9chargement corrects des contenus qui peuvent \u00eatre entrav\u00e9s et\/ou interrompus par des facteurs \u00e9chappant \u00e0 son contr\u00f4le.<\/li>\n<li>L&rsquo;ENTREPRISE n&rsquo;est pas responsable des informations et du contenu des sites tiers accessibles \u00e0 partir du pr\u00e9sent site Web. Toutefois, l&rsquo;utilisateur peut signaler tout lien ill\u00e9gal et\/ou suspect en envoyant un rapport en nous contactant par courrier \u00e9lectronique.<\/li>\n<li>La SOCI\u00c9T\u00c9 se r\u00e9serve le droit d&rsquo;apporter \u00e0 tout moment les modifications qu&rsquo;elle juge appropri\u00e9es au contenu et aux services du site web.<\/li>\n<li>Ce site web est soumis au droit d&rsquo;auteur et tous les droits sont r\u00e9serv\u00e9s. La reproduction, m\u00eame partielle, de textes et d&rsquo;images, sans autorisation, est interdite.<\/li>\n<li>Les donn\u00e9es personnelles des utilisateurs seront trait\u00e9es conform\u00e9ment \u00e0 la l\u00e9gislation en vigueur. Pour plus d&rsquo;informations, veuillez consulter le r\u00e8glement complet dans la section Vie priv\u00e9e appropri\u00e9e.<\/li>\n<\/ul>\n<p><strong>NOTES SP\u00c9CIFIQUES SUR LE CONTENU, LES TEXTES ET LES IMAGES<\/strong><\/p>\n<p>Toute la documentation technique et graphique du site, les mod\u00e8les 3D, les propositions de r\u00e9cup\u00e9ration et d&rsquo;am\u00e9nagement, sont purement indicatifs et repr\u00e9sentent une base illustrative seulement, et ne constituent donc pas un \u00e9l\u00e9ment contractuel. Une partie des images pr\u00e9sent\u00e9es sur le site est d\u00e9velopp\u00e9e avec des techniques d&rsquo;infographie (rendu photo-r\u00e9aliste), en r\u00e9f\u00e9rence aux d\u00e9tails des fa\u00e7ades et des \u00e9l\u00e9vations, des parties communes, des parties priv\u00e9es et des int\u00e9rieurs des appartements, dans le seul but de projeter une hypoth\u00e8se de r\u00e9alisation future et \/ ou le potentiel des diff\u00e9rentes solutions \u00e0 la suite de la personnalisation des utilisateurs. Par cons\u00e9quent, toutes les informations, descriptions et images sont purement suggestives et repr\u00e9sentatives, et peuvent donc \u00eatre modifi\u00e9es en cours de construction.<\/p>\n\t\t\t\t\t\t\t\t<\/div>\n\t\t\t\t<\/div>\n\t\t\t\t\t<\/div>\n\t\t<\/div>\n\t\t\t\t\t<\/div>\n\t\t<\/section>\n\t\t\t\t<\/div>\n\t\t","protected":false},"excerpt":{"rendered":"<p>CONDITIONS D&rsquo;UTILISATION R\u00c9SUM\u00c9 Ce site est la propri\u00e9t\u00e9 d&rsquo;Archiplast Srl, ci-apr\u00e8s d\u00e9nomm\u00e9e \u00ab\u00a0l&rsquo;entreprise\u00a0\u00bb, dont le si\u00e8ge est situ\u00e9 Via Giovanni Falcone 42, 20008 Bareggio &#8211; Milan. Toutes les pages r\u00e9sument de mani\u00e8re concise un grand nombre d&rsquo;informations et contiennent de nombreuses images repr\u00e9sentatives. Par cons\u00e9quent, afin d&rsquo;\u00e9viter tout malentendu sur le contenu, veuillez-vous r\u00e9f\u00e9rer \u00e0 des aper\u00e7us cibl\u00e9s avec un responsable d\u00e9di\u00e9. Informations : Il vous est conseill\u00e9 de lire attentivement le document suivant si vous souhaitez acc\u00e9der au site web lui-m\u00eame, car sa consultation implique l&rsquo;acceptation de toutes les conditions \u00e9num\u00e9r\u00e9es ci-dessous : Les services offerts par le site web sont g\u00e9n\u00e9ralement accessibles sans enregistrement de l&rsquo;utilisateur. Lorsque l&rsquo;enregistrement est n\u00e9cessaire, cela sera indiqu\u00e9 de mani\u00e8re appropri\u00e9e. L\u2019ENTREPRISE est le propri\u00e9taire l\u00e9gitime du site web, de toutes les pages incluses, de l\u2019information, des dessins, des graphiques, des bases de donn\u00e9es, des logos, des marques, des noms commerciaux ou d\u2019autres signes prot\u00e9g\u00e9s par des droits de propri\u00e9t\u00e9 intellectuelle ou industrielle. L&rsquo;ENTREPRISE ne garantit pas la continuit\u00e9 de l&rsquo;acc\u00e8s ni la visualisation et le t\u00e9l\u00e9chargement corrects des contenus qui peuvent \u00eatre entrav\u00e9s et\/ou interrompus par des facteurs \u00e9chappant \u00e0 son contr\u00f4le. L&rsquo;ENTREPRISE n&rsquo;est pas responsable des informations et du contenu des sites tiers accessibles \u00e0 partir du pr\u00e9sent site Web. Toutefois, l&rsquo;utilisateur peut signaler tout lien ill\u00e9gal et\/ou suspect en envoyant un rapport en nous contactant par courrier \u00e9lectronique. La SOCI\u00c9T\u00c9 se r\u00e9serve le droit d&rsquo;apporter \u00e0 tout moment les modifications qu&rsquo;elle juge appropri\u00e9es au contenu et aux services du site web. Ce site web est soumis au droit d&rsquo;auteur et tous les droits sont r\u00e9serv\u00e9s. La reproduction, m\u00eame partielle, de textes et d&rsquo;images, sans autorisation, est interdite. Les donn\u00e9es personnelles des utilisateurs seront trait\u00e9es conform\u00e9ment \u00e0 la l\u00e9gislation en vigueur. Pour plus d&rsquo;informations, veuillez consulter le r\u00e8glement complet dans la section Vie priv\u00e9e appropri\u00e9e. NOTES SP\u00c9CIFIQUES SUR LE CONTENU, LES TEXTES ET LES IMAGES Toute la documentation technique et graphique du site, les mod\u00e8les 3D, les propositions de r\u00e9cup\u00e9ration et d&rsquo;am\u00e9nagement, sont purement indicatifs et repr\u00e9sentent une base illustrative seulement, et ne constituent donc pas un \u00e9l\u00e9ment contractuel. Une partie des images pr\u00e9sent\u00e9es sur le site est d\u00e9velopp\u00e9e avec des techniques d&rsquo;infographie (rendu photo-r\u00e9aliste), en r\u00e9f\u00e9rence aux d\u00e9tails des fa\u00e7ades et des \u00e9l\u00e9vations, des parties communes, des parties priv\u00e9es et des int\u00e9rieurs des appartements, dans le seul but de projeter une hypoth\u00e8se de r\u00e9alisation future et \/ ou le potentiel des diff\u00e9rentes solutions \u00e0 la suite de la personnalisation des utilisateurs. Par cons\u00e9quent, toutes les informations, descriptions et images sont purement suggestives et repr\u00e9sentatives, et peuvent donc \u00eatre modifi\u00e9es en cours de construction.<\/p>\n","protected":false},"author":1,"featured_media":0,"parent":0,"menu_order":0,"comment_status":"closed","ping_status":"closed","template":"","meta":{"site-sidebar-layout":"no-sidebar","site-content-layout":"page-builder","ast-site-content-layout":"default","site-content-style":"default","site-sidebar-style":"default","ast-global-header-display":"","ast-banner-title-visibility":"","ast-main-header-display":"","ast-hfb-above-header-display":"","ast-hfb-below-header-display":"","ast-hfb-mobile-header-display":"","site-post-title":"disabled","ast-breadcrumbs-content":"","ast-featured-img":"disabled","footer-sml-layout":"","ast-disable-related-posts":"","theme-transparent-header-meta":"","adv-header-id-meta":"","stick-header-meta":"","header-above-stick-meta":"","header-main-stick-meta":"","header-below-stick-meta":"","astra-migrate-meta-layouts":"default","ast-page-background-enabled":"default","ast-page-background-meta":{"desktop":{"background-color":"var(--ast-global-color-4)","background-image":"","background-repeat":"repeat","background-position":"center center","background-size":"auto","background-attachment":"scroll","background-type":"","background-media":"","overlay-type":"","overlay-color":"","overlay-opacity":"","overlay-gradient":""},"tablet":{"background-color":"","background-image":"","background-repeat":"repeat","background-position":"center center","background-size":"auto","background-attachment":"scroll","background-type":"","background-media":"","overlay-type":"","overlay-color":"","overlay-opacity":"","overlay-gradient":""},"mobile":{"background-color":"","background-image":"","background-repeat":"repeat","background-position":"center center","background-size":"auto","background-attachment":"scroll","background-type":"","background-media":"","overlay-type":"","overlay-color":"","overlay-opacity":"","overlay-gradient":""}},"ast-content-background-meta":{"desktop":{"background-color":"var(--ast-global-color-5)","background-image":"","background-repeat":"repeat","background-position":"center center","background-size":"auto","background-attachment":"scroll","background-type":"","background-media":"","overlay-type":"","overlay-color":"","overlay-opacity":"","overlay-gradient":""},"tablet":{"background-color":"var(--ast-global-color-5)","background-image":"","background-repeat":"repeat","background-position":"center center","background-size":"auto","background-attachment":"scroll","background-type":"","background-media":"","overlay-type":"","overlay-color":"","overlay-opacity":"","overlay-gradient":""},"mobile":{"background-color":"var(--ast-global-color-5)","background-image":"","background-repeat":"repeat","background-position":"center center","background-size":"auto","background-attachment":"scroll","background-type":"","background-media":"","overlay-type":"","overlay-color":"","overlay-opacity":"","overlay-gradient":""}},"footnotes":""},"realizzazione_categoria":[],"class_list":["post-34450","page","type-page","status-publish","hentry"],"yoast_head":"<!-- This site is optimized with the Yoast SEO plugin v26.8 - https:\/\/yoast.com\/product\/yoast-seo-wordpress\/ -->\n<title>Conditions d&#039;utilisation | MOMA Design<\/title>\n<meta name=\"description\" content=\"Ce site est la propri\u00e9t\u00e9 d&#039;Archiplast Srl, ci-apr\u00e8s d\u00e9nomm\u00e9e &quot;l&#039;entreprise&quot;, dont le si\u00e8ge social est situ\u00e9 Via G. Falcone 42, 20010 Bareggio - Milan.\" \/>\n<meta name=\"robots\" content=\"index, follow, max-snippet:-1, max-image-preview:large, max-video-preview:-1\" \/>\n<link rel=\"canonical\" href=\"https:\/\/www.moma-design.it\/condizioni-d-uso\/\" \/>\n<meta property=\"og:locale\" content=\"fr_FR\" \/>\n<meta property=\"og:type\" content=\"article\" \/>\n<meta property=\"og:title\" content=\"Conditions d&#039;utilisation | MOMA Design\" \/>\n<meta property=\"og:description\" content=\"Ce site est la propri\u00e9t\u00e9 d&#039;Archiplast Srl, ci-apr\u00e8s d\u00e9nomm\u00e9e &quot;l&#039;entreprise&quot;, dont le si\u00e8ge social est situ\u00e9 Via G. Falcone 42, 20010 Bareggio - Milan.\" \/>\n<meta property=\"og:url\" content=\"https:\/\/www.moma-design.it\/condizioni-d-uso\/\" \/>\n<meta property=\"og:site_name\" content=\"MOMA Design\" \/>\n<meta property=\"article:modified_time\" content=\"2024-01-03T15:41:25+00:00\" \/>\n<meta name=\"twitter:card\" content=\"summary_large_image\" \/>\n<meta name=\"twitter:label1\" content=\"Dur\u00e9e de lecture estim\u00e9e\" \/>\n\t<meta name=\"twitter:data1\" content=\"3 minutes\" \/>\n<script type=\"application\/ld+json\" class=\"yoast-schema-graph\">{\"@context\":\"https:\/\/schema.org\",\"@graph\":[{\"@type\":\"WebPage\",\"@id\":\"https:\/\/www.moma-design.it\/condizioni-d-uso\/\",\"url\":\"https:\/\/www.moma-design.it\/condizioni-d-uso\/\",\"name\":\"Conditions d'utilisation | MOMA Design\",\"isPartOf\":{\"@id\":\"https:\/\/www.moma-design.it\/#website\"},\"datePublished\":\"2023-07-06T08:30:09+00:00\",\"dateModified\":\"2024-01-03T15:41:25+00:00\",\"description\":\"Ce site est la propri\u00e9t\u00e9 d'Archiplast Srl, ci-apr\u00e8s d\u00e9nomm\u00e9e \\\"l'entreprise\\\", dont le si\u00e8ge social est situ\u00e9 Via G. Falcone 42, 20010 Bareggio - Milan.\",\"breadcrumb\":{\"@id\":\"https:\/\/www.moma-design.it\/condizioni-d-uso\/#breadcrumb\"},\"inLanguage\":\"fr-FR\",\"potentialAction\":[{\"@type\":\"ReadAction\",\"target\":[\"https:\/\/www.moma-design.it\/condizioni-d-uso\/\"]}]},{\"@type\":\"BreadcrumbList\",\"@id\":\"https:\/\/www.moma-design.it\/condizioni-d-uso\/#breadcrumb\",\"itemListElement\":[{\"@type\":\"ListItem\",\"position\":1,\"name\":\"Home\",\"item\":\"https:\/\/www.moma-design.it\/\"},{\"@type\":\"ListItem\",\"position\":2,\"name\":\"Conditions d&#8217;utilisation\"}]},{\"@type\":\"WebSite\",\"@id\":\"https:\/\/www.moma-design.it\/#website\",\"url\":\"https:\/\/www.moma-design.it\/\",\"name\":\"MOMA Design\",\"description\":\"\",\"publisher\":{\"@id\":\"https:\/\/www.moma-design.it\/#organization\"},\"potentialAction\":[{\"@type\":\"SearchAction\",\"target\":{\"@type\":\"EntryPoint\",\"urlTemplate\":\"https:\/\/www.moma-design.it\/?s={search_term_string}\"},\"query-input\":{\"@type\":\"PropertyValueSpecification\",\"valueRequired\":true,\"valueName\":\"search_term_string\"}}],\"inLanguage\":\"fr-FR\"},{\"@type\":\"Organization\",\"@id\":\"https:\/\/www.moma-design.it\/#organization\",\"name\":\"MOMA Design\",\"url\":\"https:\/\/www.moma-design.it\/\",\"logo\":{\"@type\":\"ImageObject\",\"inLanguage\":\"fr-FR\",\"@id\":\"https:\/\/www.moma-design.it\/#\/schema\/logo\/image\/\",\"url\":\"https:\/\/www.moma-design.it\/wp-content\/uploads\/2023\/07\/Logotipo-bianco-Moma-Design.png\",\"contentUrl\":\"https:\/\/www.moma-design.it\/wp-content\/uploads\/2023\/07\/Logotipo-bianco-Moma-Design.png\",\"width\":250,\"height\":150,\"caption\":\"MOMA Design\"},\"image\":{\"@id\":\"https:\/\/www.moma-design.it\/#\/schema\/logo\/image\/\"}}]}<\/script>\n<!-- \/ Yoast SEO plugin. -->","yoast_head_json":{"title":"Conditions d'utilisation | MOMA Design","description":"Ce site est la propri\u00e9t\u00e9 d'Archiplast Srl, ci-apr\u00e8s d\u00e9nomm\u00e9e \"l'entreprise\", dont le si\u00e8ge social est situ\u00e9 Via G. Falcone 42, 20010 Bareggio - Milan.","robots":{"index":"index","follow":"follow","max-snippet":"max-snippet:-1","max-image-preview":"max-image-preview:large","max-video-preview":"max-video-preview:-1"},"canonical":"https:\/\/www.moma-design.it\/condizioni-d-uso\/","og_locale":"fr_FR","og_type":"article","og_title":"Conditions d'utilisation | MOMA Design","og_description":"Ce site est la propri\u00e9t\u00e9 d'Archiplast Srl, ci-apr\u00e8s d\u00e9nomm\u00e9e \"l'entreprise\", dont le si\u00e8ge social est situ\u00e9 Via G. Falcone 42, 20010 Bareggio - Milan.","og_url":"https:\/\/www.moma-design.it\/condizioni-d-uso\/","og_site_name":"MOMA Design","article_modified_time":"2024-01-03T15:41:25+00:00","twitter_card":"summary_large_image","twitter_misc":{"Dur\u00e9e de lecture estim\u00e9e":"3 minutes"},"schema":{"@context":"https:\/\/schema.org","@graph":[{"@type":"WebPage","@id":"https:\/\/www.moma-design.it\/condizioni-d-uso\/","url":"https:\/\/www.moma-design.it\/condizioni-d-uso\/","name":"Conditions d'utilisation | MOMA Design","isPartOf":{"@id":"https:\/\/www.moma-design.it\/#website"},"datePublished":"2023-07-06T08:30:09+00:00","dateModified":"2024-01-03T15:41:25+00:00","description":"Ce site est la propri\u00e9t\u00e9 d'Archiplast Srl, ci-apr\u00e8s d\u00e9nomm\u00e9e \"l'entreprise\", dont le si\u00e8ge social est situ\u00e9 Via G. Falcone 42, 20010 Bareggio - Milan.","breadcrumb":{"@id":"https:\/\/www.moma-design.it\/condizioni-d-uso\/#breadcrumb"},"inLanguage":"fr-FR","potentialAction":[{"@type":"ReadAction","target":["https:\/\/www.moma-design.it\/condizioni-d-uso\/"]}]},{"@type":"BreadcrumbList","@id":"https:\/\/www.moma-design.it\/condizioni-d-uso\/#breadcrumb","itemListElement":[{"@type":"ListItem","position":1,"name":"Home","item":"https:\/\/www.moma-design.it\/"},{"@type":"ListItem","position":2,"name":"Conditions d&#8217;utilisation"}]},{"@type":"WebSite","@id":"https:\/\/www.moma-design.it\/#website","url":"https:\/\/www.moma-design.it\/","name":"MOMA Design","description":"","publisher":{"@id":"https:\/\/www.moma-design.it\/#organization"},"potentialAction":[{"@type":"SearchAction","target":{"@type":"EntryPoint","urlTemplate":"https:\/\/www.moma-design.it\/?s={search_term_string}"},"query-input":{"@type":"PropertyValueSpecification","valueRequired":true,"valueName":"search_term_string"}}],"inLanguage":"fr-FR"},{"@type":"Organization","@id":"https:\/\/www.moma-design.it\/#organization","name":"MOMA Design","url":"https:\/\/www.moma-design.it\/","logo":{"@type":"ImageObject","inLanguage":"fr-FR","@id":"https:\/\/www.moma-design.it\/#\/schema\/logo\/image\/","url":"https:\/\/www.moma-design.it\/wp-content\/uploads\/2023\/07\/Logotipo-bianco-Moma-Design.png","contentUrl":"https:\/\/www.moma-design.it\/wp-content\/uploads\/2023\/07\/Logotipo-bianco-Moma-Design.png","width":250,"height":150,"caption":"MOMA Design"},"image":{"@id":"https:\/\/www.moma-design.it\/#\/schema\/logo\/image\/"}}]}},"_links":{"self":[{"href":"https:\/\/www.moma-design.it\/fr\/wp-json\/wp\/v2\/pages\/34450","targetHints":{"allow":["GET"]}}],"collection":[{"href":"https:\/\/www.moma-design.it\/fr\/wp-json\/wp\/v2\/pages"}],"about":[{"href":"https:\/\/www.moma-design.it\/fr\/wp-json\/wp\/v2\/types\/page"}],"author":[{"embeddable":true,"href":"https:\/\/www.moma-design.it\/fr\/wp-json\/wp\/v2\/users\/1"}],"replies":[{"embeddable":true,"href":"https:\/\/www.moma-design.it\/fr\/wp-json\/wp\/v2\/comments?post=34450"}],"version-history":[{"count":0,"href":"https:\/\/www.moma-design.it\/fr\/wp-json\/wp\/v2\/pages\/34450\/revisions"}],"wp:attachment":[{"href":"https:\/\/www.moma-design.it\/fr\/wp-json\/wp\/v2\/media?parent=34450"}],"wp:term":[{"taxonomy":"realizzazione_categoria","embeddable":true,"href":"https:\/\/www.moma-design.it\/fr\/wp-json\/wp\/v2\/realizzazione_categoria?post=34450"}],"curies":[{"name":"wp","href":"https:\/\/api.w.org\/{rel}","templated":true}]}}