{"id":34446,"date":"2023-07-06T10:21:11","date_gmt":"2023-07-06T08:21:11","guid":{"rendered":"https:\/\/www.moma-design.it\/donnees-de-lentreprise\/"},"modified":"2026-02-23T11:56:56","modified_gmt":"2026-02-23T10:56:56","slug":"donnees-de-lentreprise","status":"publish","type":"page","link":"https:\/\/www.moma-design.it\/fr\/donnees-de-lentreprise\/","title":{"rendered":"Donn\u00e9es de l&rsquo;entreprise"},"content":{"rendered":"\t\t<div data-elementor-type=\"wp-page\" data-elementor-id=\"34446\" class=\"elementor elementor-34446 elementor-18300\" data-elementor-post-type=\"page\">\n\t\t\t\t\t\t<section class=\"elementor-section elementor-top-section elementor-element elementor-element-3c99752 elementor-section-boxed elementor-section-height-default elementor-section-height-default wpr-particle-no wpr-jarallax-no wpr-parallax-no wpr-sticky-section-no\" data-id=\"3c99752\" data-element_type=\"section\" data-settings=\"{&quot;background_background&quot;:&quot;classic&quot;}\">\n\t\t\t\t\t\t<div class=\"elementor-container elementor-column-gap-default\">\n\t\t\t\t\t<div class=\"elementor-column elementor-col-50 elementor-top-column elementor-element elementor-element-f7e4473\" data-id=\"f7e4473\" data-element_type=\"column\">\n\t\t\t<div class=\"elementor-widget-wrap elementor-element-populated\">\n\t\t\t\t\t\t<div class=\"elementor-element elementor-element-5f5fa52 elementor-widget elementor-widget-heading\" data-id=\"5f5fa52\" data-element_type=\"widget\" data-widget_type=\"heading.default\">\n\t\t\t\t<div class=\"elementor-widget-container\">\n\t\t\t\t\t<h1 class=\"elementor-heading-title elementor-size-default\">DONN\u00c9ES DE L'ENTREPRISE<\/h1>\t\t\t\t<\/div>\n\t\t\t\t<\/div>\n\t\t\t\t<div class=\"elementor-element elementor-element-184fff6 elementor-widget elementor-widget-heading\" data-id=\"184fff6\" data-element_type=\"widget\" data-widget_type=\"heading.default\">\n\t\t\t\t<div class=\"elementor-widget-container\">\n\t\t\t\t\t<h2 class=\"elementor-heading-title elementor-size-default\">INFORMATIONS DE CONTACT<\/h2>\t\t\t\t<\/div>\n\t\t\t\t<\/div>\n\t\t\t\t<div class=\"elementor-element elementor-element-67af8c4 elementor-widget elementor-widget-text-editor\" data-id=\"67af8c4\" data-element_type=\"widget\" data-widget_type=\"text-editor.default\">\n\t\t\t\t<div class=\"elementor-widget-container\">\n\t\t\t\t\t\t\t\t\t<strong>R\u00c9SUM\u00c9<\/strong><br><br>Bienvenue sur le site www.moma-design.it, propri\u00e9t\u00e9 de MOMA Design Srl.<br><br>Responsables du traitement : tous deux domicili\u00e9s au si\u00e8ge social<br><br>&nbsp;<br><br><strong>INFORMATIONS<\/strong><br><br>Si\u00e8ge social : Via Giovanni Falcone 42, 20008 Bareggio &#8211; Milan<br>Code TVA et fiscal : 10148470155<br>Capital social : \u20ac 10.400,00 I.V.<br>REA : 1348295<br>Adresse \u00e9lectronique du titulaire : info@momadesign.it\t\t\t\t\t\t\t\t<\/div>\n\t\t\t\t<\/div>\n\t\t\t\t\t<\/div>\n\t\t<\/div>\n\t\t\t\t<div class=\"elementor-column elementor-col-50 elementor-top-column elementor-element elementor-element-aa8cb3a\" data-id=\"aa8cb3a\" data-element_type=\"column\">\n\t\t\t<div class=\"elementor-widget-wrap elementor-element-populated\">\n\t\t\t\t\t\t<div class=\"elementor-element elementor-element-385751e elementor-invisible elementor-widget elementor-widget-image\" data-id=\"385751e\" data-element_type=\"widget\" data-settings=\"{&quot;_animation&quot;:&quot;fadeIn&quot;}\" data-widget_type=\"image.default\">\n\t\t\t\t<div class=\"elementor-widget-container\">\n\t\t\t\t\t\t\t\t\t\t\t\t\t\t\t<img decoding=\"async\" src=\"https:\/\/www.moma-design.it\/wp-content\/uploads\/elementor\/thumbs\/Moma-Design-Collezioni-bagno-q3jmizcgyt9w71kfzma7yjqeu8cv4ztlsh2qw4y3ng.jpg\" title=\"MOMA Design &#8211; Collezioni Bagno\" alt=\"MOMA Design - Collezioni Bagno\" loading=\"lazy\" \/>\t\t\t\t\t\t\t\t\t\t\t\t\t\t\t<\/div>\n\t\t\t\t<\/div>\n\t\t\t\t\t<\/div>\n\t\t<\/div>\n\t\t\t\t\t<\/div>\n\t\t<\/section>\n\t\t\t\t<\/div>\n\t\t","protected":false},"excerpt":{"rendered":"<p>DONN\u00c9ES DE L&rsquo;ENTREPRISE INFORMATIONS DE CONTACT R\u00c9SUM\u00c9 Bienvenue sur le site www.moma-design.it, propri\u00e9t\u00e9 de MOMA Design Srl. Responsables du traitement : tous deux domicili\u00e9s au si\u00e8ge social &nbsp; INFORMATIONS Si\u00e8ge social : Via Giovanni Falcone 42, 20008 Bareggio &#8211; MilanCode TVA et fiscal : 10148470155Capital social : \u20ac 10.400,00 I.V.REA : 1348295Adresse \u00e9lectronique du titulaire : info@momadesign.it<\/p>\n","protected":false},"author":1,"featured_media":0,"parent":0,"menu_order":0,"comment_status":"closed","ping_status":"closed","template":"","meta":{"site-sidebar-layout":"no-sidebar","site-content-layout":"page-builder","ast-site-content-layout":"full-width-container","site-content-style":"unboxed","site-sidebar-style":"unboxed","ast-global-header-display":"","ast-banner-title-visibility":"","ast-main-header-display":"","ast-hfb-above-header-display":"","ast-hfb-below-header-display":"","ast-hfb-mobile-header-display":"","site-post-title":"disabled","ast-breadcrumbs-content":"","ast-featured-img":"disabled","footer-sml-layout":"","ast-disable-related-posts":"","theme-transparent-header-meta":"","adv-header-id-meta":"","stick-header-meta":"","header-above-stick-meta":"","header-main-stick-meta":"","header-below-stick-meta":"","astra-migrate-meta-layouts":"default","ast-page-background-enabled":"default","ast-page-background-meta":{"desktop":{"background-color":"var(--ast-global-color-4)","background-image":"","background-repeat":"repeat","background-position":"center center","background-size":"auto","background-attachment":"scroll","background-type":"","background-media":"","overlay-type":"","overlay-color":"","overlay-opacity":"","overlay-gradient":""},"tablet":{"background-color":"","background-image":"","background-repeat":"repeat","background-position":"center center","background-size":"auto","background-attachment":"scroll","background-type":"","background-media":"","overlay-type":"","overlay-color":"","overlay-opacity":"","overlay-gradient":""},"mobile":{"background-color":"","background-image":"","background-repeat":"repeat","background-position":"center center","background-size":"auto","background-attachment":"scroll","background-type":"","background-media":"","overlay-type":"","overlay-color":"","overlay-opacity":"","overlay-gradient":""}},"ast-content-background-meta":{"desktop":{"background-color":"var(--ast-global-color-5)","background-image":"","background-repeat":"repeat","background-position":"center center","background-size":"auto","background-attachment":"scroll","background-type":"","background-media":"","overlay-type":"","overlay-color":"","overlay-opacity":"","overlay-gradient":""},"tablet":{"background-color":"var(--ast-global-color-5)","background-image":"","background-repeat":"repeat","background-position":"center center","background-size":"auto","background-attachment":"scroll","background-type":"","background-media":"","overlay-type":"","overlay-color":"","overlay-opacity":"","overlay-gradient":""},"mobile":{"background-color":"var(--ast-global-color-5)","background-image":"","background-repeat":"repeat","background-position":"center center","background-size":"auto","background-attachment":"scroll","background-type":"","background-media":"","overlay-type":"","overlay-color":"","overlay-opacity":"","overlay-gradient":""}},"footnotes":""},"realizzazione_categoria":[],"class_list":["post-34446","page","type-page","status-publish","hentry"],"yoast_head":"<!-- This site is optimized with the Yoast SEO plugin v26.8 - https:\/\/yoast.com\/product\/yoast-seo-wordpress\/ -->\n<title>Donn\u00e9es de l&#039;entreprise | MOMA Design<\/title>\n<meta name=\"description\" content=\"Bienvenue sur le site www.moma-design.it, propri\u00e9t\u00e9 de MOMA Design Srl.\" \/>\n<meta name=\"robots\" content=\"index, follow, max-snippet:-1, max-image-preview:large, max-video-preview:-1\" \/>\n<link rel=\"canonical\" href=\"https:\/\/www.moma-design.it\/dati-aziendali\/\" \/>\n<meta property=\"og:locale\" content=\"fr_FR\" \/>\n<meta property=\"og:type\" content=\"article\" \/>\n<meta property=\"og:title\" content=\"Donn\u00e9es de l&#039;entreprise | MOMA Design\" \/>\n<meta property=\"og:description\" content=\"Bienvenue sur le site www.moma-design.it, propri\u00e9t\u00e9 de MOMA Design Srl.\" \/>\n<meta property=\"og:url\" content=\"https:\/\/www.moma-design.it\/dati-aziendali\/\" \/>\n<meta property=\"og:site_name\" content=\"MOMA Design\" \/>\n<meta property=\"article:modified_time\" content=\"2026-02-23T10:56:56+00:00\" \/>\n<meta property=\"og:image\" content=\"https:\/\/www.moma-design.it\/wp-content\/uploads\/elementor\/thumbs\/Moma-Design-Collezioni-bagno-q3jmizcgyt9w71kfzma7yjqeu8cv4ztlsh2qw4y3ng.jpg\" \/>\n<meta name=\"twitter:card\" content=\"summary_large_image\" \/>\n<script type=\"application\/ld+json\" class=\"yoast-schema-graph\">{\"@context\":\"https:\/\/schema.org\",\"@graph\":[{\"@type\":\"WebPage\",\"@id\":\"https:\/\/www.moma-design.it\/dati-aziendali\/\",\"url\":\"https:\/\/www.moma-design.it\/dati-aziendali\/\",\"name\":\"Donn\u00e9es de l'entreprise | MOMA Design\",\"isPartOf\":{\"@id\":\"https:\/\/www.moma-design.it\/#website\"},\"primaryImageOfPage\":{\"@id\":\"https:\/\/www.moma-design.it\/dati-aziendali\/#primaryimage\"},\"image\":{\"@id\":\"https:\/\/www.moma-design.it\/dati-aziendali\/#primaryimage\"},\"thumbnailUrl\":\"https:\/\/www.moma-design.it\/wp-content\/uploads\/elementor\/thumbs\/Moma-Design-Collezioni-bagno-q3jmizcgyt9w71kfzma7yjqeu8cv4ztlsh2qw4y3ng.jpg\",\"datePublished\":\"2023-07-06T08:21:11+00:00\",\"dateModified\":\"2026-02-23T10:56:56+00:00\",\"description\":\"Bienvenue sur le site www.moma-design.it, propri\u00e9t\u00e9 de MOMA Design Srl.\",\"breadcrumb\":{\"@id\":\"https:\/\/www.moma-design.it\/dati-aziendali\/#breadcrumb\"},\"inLanguage\":\"fr-FR\",\"potentialAction\":[{\"@type\":\"ReadAction\",\"target\":[\"https:\/\/www.moma-design.it\/dati-aziendali\/\"]}]},{\"@type\":\"ImageObject\",\"inLanguage\":\"fr-FR\",\"@id\":\"https:\/\/www.moma-design.it\/dati-aziendali\/#primaryimage\",\"url\":\"https:\/\/www.moma-design.it\/wp-content\/uploads\/elementor\/thumbs\/Moma-Design-Collezioni-bagno-q3jmizcgyt9w71kfzma7yjqeu8cv4ztlsh2qw4y3ng.jpg\",\"contentUrl\":\"https:\/\/www.moma-design.it\/wp-content\/uploads\/elementor\/thumbs\/Moma-Design-Collezioni-bagno-q3jmizcgyt9w71kfzma7yjqeu8cv4ztlsh2qw4y3ng.jpg\"},{\"@type\":\"BreadcrumbList\",\"@id\":\"https:\/\/www.moma-design.it\/dati-aziendali\/#breadcrumb\",\"itemListElement\":[{\"@type\":\"ListItem\",\"position\":1,\"name\":\"Home\",\"item\":\"https:\/\/www.moma-design.it\/\"},{\"@type\":\"ListItem\",\"position\":2,\"name\":\"Donn\u00e9es de l&#8217;entreprise\"}]},{\"@type\":\"WebSite\",\"@id\":\"https:\/\/www.moma-design.it\/#website\",\"url\":\"https:\/\/www.moma-design.it\/\",\"name\":\"MOMA Design\",\"description\":\"\",\"publisher\":{\"@id\":\"https:\/\/www.moma-design.it\/#organization\"},\"potentialAction\":[{\"@type\":\"SearchAction\",\"target\":{\"@type\":\"EntryPoint\",\"urlTemplate\":\"https:\/\/www.moma-design.it\/?s={search_term_string}\"},\"query-input\":{\"@type\":\"PropertyValueSpecification\",\"valueRequired\":true,\"valueName\":\"search_term_string\"}}],\"inLanguage\":\"fr-FR\"},{\"@type\":\"Organization\",\"@id\":\"https:\/\/www.moma-design.it\/#organization\",\"name\":\"MOMA Design\",\"url\":\"https:\/\/www.moma-design.it\/\",\"logo\":{\"@type\":\"ImageObject\",\"inLanguage\":\"fr-FR\",\"@id\":\"https:\/\/www.moma-design.it\/#\/schema\/logo\/image\/\",\"url\":\"https:\/\/www.moma-design.it\/wp-content\/uploads\/2023\/07\/Logotipo-bianco-Moma-Design.png\",\"contentUrl\":\"https:\/\/www.moma-design.it\/wp-content\/uploads\/2023\/07\/Logotipo-bianco-Moma-Design.png\",\"width\":250,\"height\":150,\"caption\":\"MOMA Design\"},\"image\":{\"@id\":\"https:\/\/www.moma-design.it\/#\/schema\/logo\/image\/\"}}]}<\/script>\n<!-- \/ Yoast SEO plugin. -->","yoast_head_json":{"title":"Donn\u00e9es de l'entreprise | MOMA Design","description":"Bienvenue sur le site www.moma-design.it, propri\u00e9t\u00e9 de MOMA Design Srl.","robots":{"index":"index","follow":"follow","max-snippet":"max-snippet:-1","max-image-preview":"max-image-preview:large","max-video-preview":"max-video-preview:-1"},"canonical":"https:\/\/www.moma-design.it\/dati-aziendali\/","og_locale":"fr_FR","og_type":"article","og_title":"Donn\u00e9es de l'entreprise | MOMA Design","og_description":"Bienvenue sur le site www.moma-design.it, propri\u00e9t\u00e9 de MOMA Design Srl.","og_url":"https:\/\/www.moma-design.it\/dati-aziendali\/","og_site_name":"MOMA Design","article_modified_time":"2026-02-23T10:56:56+00:00","og_image":[{"url":"https:\/\/www.moma-design.it\/wp-content\/uploads\/elementor\/thumbs\/Moma-Design-Collezioni-bagno-q3jmizcgyt9w71kfzma7yjqeu8cv4ztlsh2qw4y3ng.jpg","type":"","width":"","height":""}],"twitter_card":"summary_large_image","schema":{"@context":"https:\/\/schema.org","@graph":[{"@type":"WebPage","@id":"https:\/\/www.moma-design.it\/dati-aziendali\/","url":"https:\/\/www.moma-design.it\/dati-aziendali\/","name":"Donn\u00e9es de l'entreprise | MOMA Design","isPartOf":{"@id":"https:\/\/www.moma-design.it\/#website"},"primaryImageOfPage":{"@id":"https:\/\/www.moma-design.it\/dati-aziendali\/#primaryimage"},"image":{"@id":"https:\/\/www.moma-design.it\/dati-aziendali\/#primaryimage"},"thumbnailUrl":"https:\/\/www.moma-design.it\/wp-content\/uploads\/elementor\/thumbs\/Moma-Design-Collezioni-bagno-q3jmizcgyt9w71kfzma7yjqeu8cv4ztlsh2qw4y3ng.jpg","datePublished":"2023-07-06T08:21:11+00:00","dateModified":"2026-02-23T10:56:56+00:00","description":"Bienvenue sur le site www.moma-design.it, propri\u00e9t\u00e9 de MOMA Design Srl.","breadcrumb":{"@id":"https:\/\/www.moma-design.it\/dati-aziendali\/#breadcrumb"},"inLanguage":"fr-FR","potentialAction":[{"@type":"ReadAction","target":["https:\/\/www.moma-design.it\/dati-aziendali\/"]}]},{"@type":"ImageObject","inLanguage":"fr-FR","@id":"https:\/\/www.moma-design.it\/dati-aziendali\/#primaryimage","url":"https:\/\/www.moma-design.it\/wp-content\/uploads\/elementor\/thumbs\/Moma-Design-Collezioni-bagno-q3jmizcgyt9w71kfzma7yjqeu8cv4ztlsh2qw4y3ng.jpg","contentUrl":"https:\/\/www.moma-design.it\/wp-content\/uploads\/elementor\/thumbs\/Moma-Design-Collezioni-bagno-q3jmizcgyt9w71kfzma7yjqeu8cv4ztlsh2qw4y3ng.jpg"},{"@type":"BreadcrumbList","@id":"https:\/\/www.moma-design.it\/dati-aziendali\/#breadcrumb","itemListElement":[{"@type":"ListItem","position":1,"name":"Home","item":"https:\/\/www.moma-design.it\/"},{"@type":"ListItem","position":2,"name":"Donn\u00e9es de l&#8217;entreprise"}]},{"@type":"WebSite","@id":"https:\/\/www.moma-design.it\/#website","url":"https:\/\/www.moma-design.it\/","name":"MOMA Design","description":"","publisher":{"@id":"https:\/\/www.moma-design.it\/#organization"},"potentialAction":[{"@type":"SearchAction","target":{"@type":"EntryPoint","urlTemplate":"https:\/\/www.moma-design.it\/?s={search_term_string}"},"query-input":{"@type":"PropertyValueSpecification","valueRequired":true,"valueName":"search_term_string"}}],"inLanguage":"fr-FR"},{"@type":"Organization","@id":"https:\/\/www.moma-design.it\/#organization","name":"MOMA Design","url":"https:\/\/www.moma-design.it\/","logo":{"@type":"ImageObject","inLanguage":"fr-FR","@id":"https:\/\/www.moma-design.it\/#\/schema\/logo\/image\/","url":"https:\/\/www.moma-design.it\/wp-content\/uploads\/2023\/07\/Logotipo-bianco-Moma-Design.png","contentUrl":"https:\/\/www.moma-design.it\/wp-content\/uploads\/2023\/07\/Logotipo-bianco-Moma-Design.png","width":250,"height":150,"caption":"MOMA Design"},"image":{"@id":"https:\/\/www.moma-design.it\/#\/schema\/logo\/image\/"}}]}},"_links":{"self":[{"href":"https:\/\/www.moma-design.it\/fr\/wp-json\/wp\/v2\/pages\/34446","targetHints":{"allow":["GET"]}}],"collection":[{"href":"https:\/\/www.moma-design.it\/fr\/wp-json\/wp\/v2\/pages"}],"about":[{"href":"https:\/\/www.moma-design.it\/fr\/wp-json\/wp\/v2\/types\/page"}],"author":[{"embeddable":true,"href":"https:\/\/www.moma-design.it\/fr\/wp-json\/wp\/v2\/users\/1"}],"replies":[{"embeddable":true,"href":"https:\/\/www.moma-design.it\/fr\/wp-json\/wp\/v2\/comments?post=34446"}],"version-history":[{"count":2,"href":"https:\/\/www.moma-design.it\/fr\/wp-json\/wp\/v2\/pages\/34446\/revisions"}],"predecessor-version":[{"id":46292,"href":"https:\/\/www.moma-design.it\/fr\/wp-json\/wp\/v2\/pages\/34446\/revisions\/46292"}],"wp:attachment":[{"href":"https:\/\/www.moma-design.it\/fr\/wp-json\/wp\/v2\/media?parent=34446"}],"wp:term":[{"taxonomy":"realizzazione_categoria","embeddable":true,"href":"https:\/\/www.moma-design.it\/fr\/wp-json\/wp\/v2\/realizzazione_categoria?post=34446"}],"curies":[{"name":"wp","href":"https:\/\/api.w.org\/{rel}","templated":true}]}}