{"id":34678,"date":"2023-07-06T10:30:09","date_gmt":"2023-07-06T08:30:09","guid":{"rendered":"https:\/\/www.moma-design.it\/nutzungsbedingungen\/"},"modified":"2024-01-03T16:41:28","modified_gmt":"2024-01-03T15:41:28","slug":"nutzungsbedingungen","status":"publish","type":"page","link":"https:\/\/www.moma-design.it\/de\/nutzungsbedingungen\/","title":{"rendered":"Nutzungsbedingungen"},"content":{"rendered":"\t\t<div data-elementor-type=\"wp-page\" data-elementor-id=\"34678\" class=\"elementor elementor-34678 elementor-18306\" data-elementor-post-type=\"page\">\n\t\t\t\t\t\t<section class=\"elementor-section elementor-top-section elementor-element elementor-element-53e1f51 elementor-section-boxed elementor-section-height-default elementor-section-height-default wpr-particle-no wpr-jarallax-no wpr-parallax-no wpr-sticky-section-no\" data-id=\"53e1f51\" data-element_type=\"section\" data-settings=\"{&quot;background_background&quot;:&quot;classic&quot;}\">\n\t\t\t\t\t\t<div class=\"elementor-container elementor-column-gap-default\">\n\t\t\t\t\t<div class=\"elementor-column elementor-col-100 elementor-top-column elementor-element elementor-element-500478f\" data-id=\"500478f\" data-element_type=\"column\">\n\t\t\t<div class=\"elementor-widget-wrap elementor-element-populated\">\n\t\t\t\t\t\t<div class=\"elementor-element elementor-element-ac4aad5 elementor-widget elementor-widget-heading\" data-id=\"ac4aad5\" data-element_type=\"widget\" data-widget_type=\"heading.default\">\n\t\t\t\t<div class=\"elementor-widget-container\">\n\t\t\t\t\t<h1 class=\"elementor-heading-title elementor-size-default\">NUTZUNGSBEDINGUNGEN<\/h1>\t\t\t\t<\/div>\n\t\t\t\t<\/div>\n\t\t\t\t<div class=\"elementor-element elementor-element-7536d71 elementor-widget elementor-widget-text-editor\" data-id=\"7536d71\" data-element_type=\"widget\" data-widget_type=\"text-editor.default\">\n\t\t\t\t<div class=\"elementor-widget-container\">\n\t\t\t\t\t\t\t\t\t<p><strong>ZUSAMMENFASSUNG<\/strong><\/p>\n<p>Diese Website ist Eigentum der Archiplast Srl, im Folgenden als &#8222;Unternehmen&#8220; bezeichnet, mit Sitz in Via Giovanni Falcone 42, 20008 Bareggio &#8211; Mailand.<\/p>\n<p>Alle Seiten fassen eine gro\u00dfe Menge an Informationen zusammen und enthalten viele repr\u00e4sentative Bilder. Um inhaltliche Missverst\u00e4ndnisse zu vermeiden, verweisen wir daher auf gezielte Einblicke bei einem zust\u00e4ndigen Sachbearbeiter.<\/p>\n<p>Einblicke:<\/p>\n<ul>\n<li>Wir empfehlen Ihnen, das folgende Dokument sorgf\u00e4ltig zu lesen, wenn Sie auf die Website zugreifen m\u00f6chten, da Sie sich mit den nachstehenden Bedingungen einverstanden erkl\u00e4ren m\u00fcssen, wenn Sie die Website besuchen:<\/li>\n<li>Die auf der Website angebotenen Dienste sind in der Regel ohne Registrierung des Nutzers zug\u00e4nglich. Wenn eine Registrierung erforderlich ist, wird dies in geeigneter Weise angegeben.<\/li>\n<li>Das UNTERNEHMEN ist der rechtm\u00e4\u00dfige Eigent\u00fcmer der Website, aller darin enthaltenen Seiten, Informationen, Designs, Grafiken, Datenbanken, Logos, Marken, Handelsnamen oder anderer Zeichen, die durch geistige oder gewerbliche Eigentumsrechte gesch\u00fctzt sind.<\/li>\n<li>Das UNTERNEHMEN garantiert weder die Kontinuit\u00e4t des Zugangs noch die ordnungsgem\u00e4\u00dfe Anzeige und das Herunterladen von Inhalten, die durch Faktoren, die au\u00dferhalb seiner Kontrolle liegen, behindert und\/oder unterbrochen werden k\u00f6nnen.<\/li>\n<li>Das UNTERNEHMEN ist nicht verantwortlich f\u00fcr die Informationen und Inhalte von Websites Dritter, die \u00fcber diese Website zug\u00e4nglich sind. Der Nutzer kann jedoch illegale und\/oder verd\u00e4chtige Links melden, indem er sich per E-Mail an uns wendet.<\/li>\n<li>Die FIRMA beh\u00e4lt sich das Recht vor, jederzeit \u00c4nderungen an den Inhalten und Dienstleistungen der Website vorzunehmen, die sie f\u00fcr angemessen h\u00e4lt.<\/li>\n<li>Diese Website unterliegt dem Urheberrecht und alle Rechte sind vorbehalten. Die Vervielf\u00e4ltigung von Texten und Bildern, auch auszugsweise, ist ohne Genehmigung verboten.<\/li>\n<li>Die personenbezogenen Daten der Nutzer werden im Einklang mit den geltenden Rechtsvorschriften verarbeitet. Weitere Informationen finden Sie in den vollst\u00e4ndigen Bestimmungen im entsprechenden Abschnitt zum Datenschutz.<\/li>\n<\/ul>\n<p><strong>BESONDERE HINWEISE ZU INHALT, TEXTEN UND BILDERN<\/strong><\/p>\n<p>Alle technischen und grafischen Unterlagen auf der Website, 3D-Modelle, Wiederherstellungs- und Einrichtungsvorschl\u00e4ge, sind rein indikativ und stellen nur eine illustrative Grundlage dar und sind daher kein Vertragsbestandteil. Ein Teil der auf der Website gezeigten Bilder wurde mit Hilfe von Computergrafiktechniken (fotorealistisches Rendering) entwickelt, mit Bezug auf Details von Fassaden und Erhebungen, gemeinsamen Teilen, privaten Teilen und Innenr\u00e4umen der Wohnungen, zum alleinigen Zweck der Projektion einer Hypothese der zuk\u00fcnftigen Realisierung und \/ oder des Potenzials der verschiedenen L\u00f6sungen als Ergebnis der Anpassung der Nutzer. Daher sind alle Informationen, Beschreibungen und Bilder rein suggestiv und repr\u00e4sentativ, also vorbehaltlich der \u00c4nderung w\u00e4hrend des Baus.<\/p>\n\t\t\t\t\t\t\t\t<\/div>\n\t\t\t\t<\/div>\n\t\t\t\t\t<\/div>\n\t\t<\/div>\n\t\t\t\t\t<\/div>\n\t\t<\/section>\n\t\t\t\t<\/div>\n\t\t","protected":false},"excerpt":{"rendered":"<p>NUTZUNGSBEDINGUNGEN ZUSAMMENFASSUNG Diese Website ist Eigentum der Archiplast Srl, im Folgenden als &#8222;Unternehmen&#8220; bezeichnet, mit Sitz in Via Giovanni Falcone 42, 20008 Bareggio &#8211; Mailand. Alle Seiten fassen eine gro\u00dfe Menge an Informationen zusammen und enthalten viele repr\u00e4sentative Bilder. Um inhaltliche Missverst\u00e4ndnisse zu vermeiden, verweisen wir daher auf gezielte Einblicke bei einem zust\u00e4ndigen Sachbearbeiter. Einblicke: Wir empfehlen Ihnen, das folgende Dokument sorgf\u00e4ltig zu lesen, wenn Sie auf die Website zugreifen m\u00f6chten, da Sie sich mit den nachstehenden Bedingungen einverstanden erkl\u00e4ren m\u00fcssen, wenn Sie die Website besuchen: Die auf der Website angebotenen Dienste sind in der Regel ohne Registrierung des Nutzers zug\u00e4nglich. Wenn eine Registrierung erforderlich ist, wird dies in geeigneter Weise angegeben. Das UNTERNEHMEN ist der rechtm\u00e4\u00dfige Eigent\u00fcmer der Website, aller darin enthaltenen Seiten, Informationen, Designs, Grafiken, Datenbanken, Logos, Marken, Handelsnamen oder anderer Zeichen, die durch geistige oder gewerbliche Eigentumsrechte gesch\u00fctzt sind. Das UNTERNEHMEN garantiert weder die Kontinuit\u00e4t des Zugangs noch die ordnungsgem\u00e4\u00dfe Anzeige und das Herunterladen von Inhalten, die durch Faktoren, die au\u00dferhalb seiner Kontrolle liegen, behindert und\/oder unterbrochen werden k\u00f6nnen. Das UNTERNEHMEN ist nicht verantwortlich f\u00fcr die Informationen und Inhalte von Websites Dritter, die \u00fcber diese Website zug\u00e4nglich sind. Der Nutzer kann jedoch illegale und\/oder verd\u00e4chtige Links melden, indem er sich per E-Mail an uns wendet. Die FIRMA beh\u00e4lt sich das Recht vor, jederzeit \u00c4nderungen an den Inhalten und Dienstleistungen der Website vorzunehmen, die sie f\u00fcr angemessen h\u00e4lt. Diese Website unterliegt dem Urheberrecht und alle Rechte sind vorbehalten. Die Vervielf\u00e4ltigung von Texten und Bildern, auch auszugsweise, ist ohne Genehmigung verboten. Die personenbezogenen Daten der Nutzer werden im Einklang mit den geltenden Rechtsvorschriften verarbeitet. Weitere Informationen finden Sie in den vollst\u00e4ndigen Bestimmungen im entsprechenden Abschnitt zum Datenschutz. BESONDERE HINWEISE ZU INHALT, TEXTEN UND BILDERN Alle technischen und grafischen Unterlagen auf der Website, 3D-Modelle, Wiederherstellungs- und Einrichtungsvorschl\u00e4ge, sind rein indikativ und stellen nur eine illustrative Grundlage dar und sind daher kein Vertragsbestandteil. Ein Teil der auf der Website gezeigten Bilder wurde mit Hilfe von Computergrafiktechniken (fotorealistisches Rendering) entwickelt, mit Bezug auf Details von Fassaden und Erhebungen, gemeinsamen Teilen, privaten Teilen und Innenr\u00e4umen der Wohnungen, zum alleinigen Zweck der Projektion einer Hypothese der zuk\u00fcnftigen Realisierung und \/ oder des Potenzials der verschiedenen L\u00f6sungen als Ergebnis der Anpassung der Nutzer. Daher sind alle Informationen, Beschreibungen und Bilder rein suggestiv und repr\u00e4sentativ, also vorbehaltlich der \u00c4nderung w\u00e4hrend des Baus.<\/p>\n","protected":false},"author":1,"featured_media":0,"parent":0,"menu_order":0,"comment_status":"closed","ping_status":"closed","template":"","meta":{"site-sidebar-layout":"no-sidebar","site-content-layout":"page-builder","ast-site-content-layout":"default","site-content-style":"default","site-sidebar-style":"default","ast-global-header-display":"","ast-banner-title-visibility":"","ast-main-header-display":"","ast-hfb-above-header-display":"","ast-hfb-below-header-display":"","ast-hfb-mobile-header-display":"","site-post-title":"disabled","ast-breadcrumbs-content":"","ast-featured-img":"disabled","footer-sml-layout":"","ast-disable-related-posts":"","theme-transparent-header-meta":"","adv-header-id-meta":"","stick-header-meta":"","header-above-stick-meta":"","header-main-stick-meta":"","header-below-stick-meta":"","astra-migrate-meta-layouts":"default","ast-page-background-enabled":"default","ast-page-background-meta":{"desktop":{"background-color":"var(--ast-global-color-4)","background-image":"","background-repeat":"repeat","background-position":"center center","background-size":"auto","background-attachment":"scroll","background-type":"","background-media":"","overlay-type":"","overlay-color":"","overlay-opacity":"","overlay-gradient":""},"tablet":{"background-color":"","background-image":"","background-repeat":"repeat","background-position":"center center","background-size":"auto","background-attachment":"scroll","background-type":"","background-media":"","overlay-type":"","overlay-color":"","overlay-opacity":"","overlay-gradient":""},"mobile":{"background-color":"","background-image":"","background-repeat":"repeat","background-position":"center center","background-size":"auto","background-attachment":"scroll","background-type":"","background-media":"","overlay-type":"","overlay-color":"","overlay-opacity":"","overlay-gradient":""}},"ast-content-background-meta":{"desktop":{"background-color":"var(--ast-global-color-5)","background-image":"","background-repeat":"repeat","background-position":"center center","background-size":"auto","background-attachment":"scroll","background-type":"","background-media":"","overlay-type":"","overlay-color":"","overlay-opacity":"","overlay-gradient":""},"tablet":{"background-color":"var(--ast-global-color-5)","background-image":"","background-repeat":"repeat","background-position":"center center","background-size":"auto","background-attachment":"scroll","background-type":"","background-media":"","overlay-type":"","overlay-color":"","overlay-opacity":"","overlay-gradient":""},"mobile":{"background-color":"var(--ast-global-color-5)","background-image":"","background-repeat":"repeat","background-position":"center center","background-size":"auto","background-attachment":"scroll","background-type":"","background-media":"","overlay-type":"","overlay-color":"","overlay-opacity":"","overlay-gradient":""}},"footnotes":""},"realizzazione_categoria":[],"class_list":["post-34678","page","type-page","status-publish","hentry"],"yoast_head":"<!-- This site is optimized with the Yoast SEO plugin v26.8 - https:\/\/yoast.com\/product\/yoast-seo-wordpress\/ -->\n<title>Nutzungsbedingungen | MOMA Design<\/title>\n<meta name=\"description\" content=\"Diese Website ist Eigentum der Archiplast Srl, im Folgenden als &quot;Unternehmen&quot; bezeichnet, mit Sitz in Via G. Falcone 42, 20010 Bareggio - Mailand.\" \/>\n<meta name=\"robots\" content=\"index, follow, max-snippet:-1, max-image-preview:large, max-video-preview:-1\" \/>\n<link rel=\"canonical\" href=\"https:\/\/www.moma-design.it\/condizioni-d-uso\/\" \/>\n<meta property=\"og:locale\" content=\"de_DE\" \/>\n<meta property=\"og:type\" content=\"article\" \/>\n<meta property=\"og:title\" content=\"Nutzungsbedingungen | MOMA Design\" \/>\n<meta property=\"og:description\" content=\"Diese Website ist Eigentum der Archiplast Srl, im Folgenden als &quot;Unternehmen&quot; bezeichnet, mit Sitz in Via G. Falcone 42, 20010 Bareggio - Mailand.\" \/>\n<meta property=\"og:url\" content=\"https:\/\/www.moma-design.it\/condizioni-d-uso\/\" \/>\n<meta property=\"og:site_name\" content=\"MOMA Design\" \/>\n<meta property=\"article:modified_time\" content=\"2024-01-03T15:41:28+00:00\" \/>\n<meta name=\"twitter:card\" content=\"summary_large_image\" \/>\n<meta name=\"twitter:label1\" content=\"Gesch\u00e4tzte Lesezeit\" \/>\n\t<meta name=\"twitter:data1\" content=\"2\u00a0Minuten\" \/>\n<script type=\"application\/ld+json\" class=\"yoast-schema-graph\">{\"@context\":\"https:\/\/schema.org\",\"@graph\":[{\"@type\":\"WebPage\",\"@id\":\"https:\/\/www.moma-design.it\/condizioni-d-uso\/\",\"url\":\"https:\/\/www.moma-design.it\/condizioni-d-uso\/\",\"name\":\"Nutzungsbedingungen | MOMA Design\",\"isPartOf\":{\"@id\":\"https:\/\/www.moma-design.it\/#website\"},\"datePublished\":\"2023-07-06T08:30:09+00:00\",\"dateModified\":\"2024-01-03T15:41:28+00:00\",\"description\":\"Diese Website ist Eigentum der Archiplast Srl, im Folgenden als \\\"Unternehmen\\\" bezeichnet, mit Sitz in Via G. Falcone 42, 20010 Bareggio - Mailand.\",\"breadcrumb\":{\"@id\":\"https:\/\/www.moma-design.it\/condizioni-d-uso\/#breadcrumb\"},\"inLanguage\":\"de\",\"potentialAction\":[{\"@type\":\"ReadAction\",\"target\":[\"https:\/\/www.moma-design.it\/condizioni-d-uso\/\"]}]},{\"@type\":\"BreadcrumbList\",\"@id\":\"https:\/\/www.moma-design.it\/condizioni-d-uso\/#breadcrumb\",\"itemListElement\":[{\"@type\":\"ListItem\",\"position\":1,\"name\":\"Home\",\"item\":\"https:\/\/www.moma-design.it\/\"},{\"@type\":\"ListItem\",\"position\":2,\"name\":\"Nutzungsbedingungen\"}]},{\"@type\":\"WebSite\",\"@id\":\"https:\/\/www.moma-design.it\/#website\",\"url\":\"https:\/\/www.moma-design.it\/\",\"name\":\"MOMA Design\",\"description\":\"\",\"publisher\":{\"@id\":\"https:\/\/www.moma-design.it\/#organization\"},\"potentialAction\":[{\"@type\":\"SearchAction\",\"target\":{\"@type\":\"EntryPoint\",\"urlTemplate\":\"https:\/\/www.moma-design.it\/?s={search_term_string}\"},\"query-input\":{\"@type\":\"PropertyValueSpecification\",\"valueRequired\":true,\"valueName\":\"search_term_string\"}}],\"inLanguage\":\"de\"},{\"@type\":\"Organization\",\"@id\":\"https:\/\/www.moma-design.it\/#organization\",\"name\":\"MOMA Design\",\"url\":\"https:\/\/www.moma-design.it\/\",\"logo\":{\"@type\":\"ImageObject\",\"inLanguage\":\"de\",\"@id\":\"https:\/\/www.moma-design.it\/#\/schema\/logo\/image\/\",\"url\":\"https:\/\/www.moma-design.it\/wp-content\/uploads\/2023\/07\/Logotipo-bianco-Moma-Design.png\",\"contentUrl\":\"https:\/\/www.moma-design.it\/wp-content\/uploads\/2023\/07\/Logotipo-bianco-Moma-Design.png\",\"width\":250,\"height\":150,\"caption\":\"MOMA Design\"},\"image\":{\"@id\":\"https:\/\/www.moma-design.it\/#\/schema\/logo\/image\/\"}}]}<\/script>\n<!-- \/ Yoast SEO plugin. -->","yoast_head_json":{"title":"Nutzungsbedingungen | MOMA Design","description":"Diese Website ist Eigentum der Archiplast Srl, im Folgenden als \"Unternehmen\" bezeichnet, mit Sitz in Via G. Falcone 42, 20010 Bareggio - Mailand.","robots":{"index":"index","follow":"follow","max-snippet":"max-snippet:-1","max-image-preview":"max-image-preview:large","max-video-preview":"max-video-preview:-1"},"canonical":"https:\/\/www.moma-design.it\/condizioni-d-uso\/","og_locale":"de_DE","og_type":"article","og_title":"Nutzungsbedingungen | MOMA Design","og_description":"Diese Website ist Eigentum der Archiplast Srl, im Folgenden als \"Unternehmen\" bezeichnet, mit Sitz in Via G. Falcone 42, 20010 Bareggio - Mailand.","og_url":"https:\/\/www.moma-design.it\/condizioni-d-uso\/","og_site_name":"MOMA Design","article_modified_time":"2024-01-03T15:41:28+00:00","twitter_card":"summary_large_image","twitter_misc":{"Gesch\u00e4tzte Lesezeit":"2\u00a0Minuten"},"schema":{"@context":"https:\/\/schema.org","@graph":[{"@type":"WebPage","@id":"https:\/\/www.moma-design.it\/condizioni-d-uso\/","url":"https:\/\/www.moma-design.it\/condizioni-d-uso\/","name":"Nutzungsbedingungen | MOMA Design","isPartOf":{"@id":"https:\/\/www.moma-design.it\/#website"},"datePublished":"2023-07-06T08:30:09+00:00","dateModified":"2024-01-03T15:41:28+00:00","description":"Diese Website ist Eigentum der Archiplast Srl, im Folgenden als \"Unternehmen\" bezeichnet, mit Sitz in Via G. Falcone 42, 20010 Bareggio - Mailand.","breadcrumb":{"@id":"https:\/\/www.moma-design.it\/condizioni-d-uso\/#breadcrumb"},"inLanguage":"de","potentialAction":[{"@type":"ReadAction","target":["https:\/\/www.moma-design.it\/condizioni-d-uso\/"]}]},{"@type":"BreadcrumbList","@id":"https:\/\/www.moma-design.it\/condizioni-d-uso\/#breadcrumb","itemListElement":[{"@type":"ListItem","position":1,"name":"Home","item":"https:\/\/www.moma-design.it\/"},{"@type":"ListItem","position":2,"name":"Nutzungsbedingungen"}]},{"@type":"WebSite","@id":"https:\/\/www.moma-design.it\/#website","url":"https:\/\/www.moma-design.it\/","name":"MOMA Design","description":"","publisher":{"@id":"https:\/\/www.moma-design.it\/#organization"},"potentialAction":[{"@type":"SearchAction","target":{"@type":"EntryPoint","urlTemplate":"https:\/\/www.moma-design.it\/?s={search_term_string}"},"query-input":{"@type":"PropertyValueSpecification","valueRequired":true,"valueName":"search_term_string"}}],"inLanguage":"de"},{"@type":"Organization","@id":"https:\/\/www.moma-design.it\/#organization","name":"MOMA Design","url":"https:\/\/www.moma-design.it\/","logo":{"@type":"ImageObject","inLanguage":"de","@id":"https:\/\/www.moma-design.it\/#\/schema\/logo\/image\/","url":"https:\/\/www.moma-design.it\/wp-content\/uploads\/2023\/07\/Logotipo-bianco-Moma-Design.png","contentUrl":"https:\/\/www.moma-design.it\/wp-content\/uploads\/2023\/07\/Logotipo-bianco-Moma-Design.png","width":250,"height":150,"caption":"MOMA Design"},"image":{"@id":"https:\/\/www.moma-design.it\/#\/schema\/logo\/image\/"}}]}},"_links":{"self":[{"href":"https:\/\/www.moma-design.it\/de\/wp-json\/wp\/v2\/pages\/34678","targetHints":{"allow":["GET"]}}],"collection":[{"href":"https:\/\/www.moma-design.it\/de\/wp-json\/wp\/v2\/pages"}],"about":[{"href":"https:\/\/www.moma-design.it\/de\/wp-json\/wp\/v2\/types\/page"}],"author":[{"embeddable":true,"href":"https:\/\/www.moma-design.it\/de\/wp-json\/wp\/v2\/users\/1"}],"replies":[{"embeddable":true,"href":"https:\/\/www.moma-design.it\/de\/wp-json\/wp\/v2\/comments?post=34678"}],"version-history":[{"count":0,"href":"https:\/\/www.moma-design.it\/de\/wp-json\/wp\/v2\/pages\/34678\/revisions"}],"wp:attachment":[{"href":"https:\/\/www.moma-design.it\/de\/wp-json\/wp\/v2\/media?parent=34678"}],"wp:term":[{"taxonomy":"realizzazione_categoria","embeddable":true,"href":"https:\/\/www.moma-design.it\/de\/wp-json\/wp\/v2\/realizzazione_categoria?post=34678"}],"curies":[{"name":"wp","href":"https:\/\/api.w.org\/{rel}","templated":true}]}}